{"id":10121,"date":"2023-06-27T15:56:21","date_gmt":"2023-06-27T18:56:21","guid":{"rendered":"https:\/\/fotodental.com\/?post_type=product&#038;p=10121"},"modified":"2024-12-20T15:45:01","modified_gmt":"2024-12-20T18:45:01","slug":"kit-de-iluminacion-resolut-2-3","status":"publish","type":"product","link":"https:\/\/fotodental.com\/en\/product\/kit-de-iluminacion-resolut-2-3\/","title":{"rendered":"KIT de Iluminaci\u00f3n RESOLUT 2"},"content":{"rendered":"<p>KIT FOTODENTAL DE ILUMINACION RESOLUT. ILUMINADOR<br \/>\n+ KIT 0802 AUT RODIO. CABLES Y ACCESORIOS INCLUIDOS.<br \/>\nESTER. AUTOCLAVE<\/p>\n<p>&nbsp;<\/p>\n<p><iframe loading=\"lazy\" title=\"Kit de iluminaci\u00f3n bucal para tel\u00e9fonos m\u00f3viles Fotodental\" width=\"800\" height=\"450\" src=\"https:\/\/www.youtube.com\/embed\/sTpoEQjEx5o?feature=oembed\" frameborder=\"0\" allow=\"accelerometer; autoplay; clipboard-write; encrypted-media; gyroscope; picture-in-picture; web-share\" referrerpolicy=\"strict-origin-when-cross-origin\" allowfullscreen><\/iframe><\/p>","protected":false},"excerpt":{"rendered":"<p>KIT FOTODENTAL DE ILUMINACION RESOLUT. ILUMINADOR<br \/>\n+ KIT 0802 AUT RODIO. CABLES Y ACCESORIOS INCLUIDOS.<br \/>\nESTER. AUTOCLAVE<\/p>\n<p>&nbsp;<\/p>","protected":false},"featured_media":10285,"comment_status":"open","ping_status":"closed","template":"","meta":[],"product_brand":[],"product_cat":[23],"product_tag":[],"class_list":{"0":"post-10121","1":"product","2":"type-product","3":"status-publish","4":"has-post-thumbnail","6":"product_cat-iluminadores-bucales","8":"first","9":"instock","10":"shipping-taxable","11":"product-type-simple"},"_links":{"self":[{"href":"https:\/\/fotodental.com\/en\/wp-json\/wp\/v2\/product\/10121","targetHints":{"allow":["GET"]}}],"collection":[{"href":"https:\/\/fotodental.com\/en\/wp-json\/wp\/v2\/product"}],"about":[{"href":"https:\/\/fotodental.com\/en\/wp-json\/wp\/v2\/types\/product"}],"replies":[{"embeddable":true,"href":"https:\/\/fotodental.com\/en\/wp-json\/wp\/v2\/comments?post=10121"}],"wp:featuredmedia":[{"embeddable":true,"href":"https:\/\/fotodental.com\/en\/wp-json\/wp\/v2\/media\/10285"}],"wp:attachment":[{"href":"https:\/\/fotodental.com\/en\/wp-json\/wp\/v2\/media?parent=10121"}],"wp:term":[{"taxonomy":"product_brand","embeddable":true,"href":"https:\/\/fotodental.com\/en\/wp-json\/wp\/v2\/product_brand?post=10121"},{"taxonomy":"product_cat","embeddable":true,"href":"https:\/\/fotodental.com\/en\/wp-json\/wp\/v2\/product_cat?post=10121"},{"taxonomy":"product_tag","embeddable":true,"href":"https:\/\/fotodental.com\/en\/wp-json\/wp\/v2\/product_tag?post=10121"}],"curies":[{"name":"wp","href":"https:\/\/api.w.org\/{rel}","templated":true}]}}